{"id":1196,"date":"2023-05-25T10:06:01","date_gmt":"2023-05-25T08:06:01","guid":{"rendered":"https:\/\/www.alexis-srl.it\/?page_id=1196"},"modified":"2023-06-14T09:42:48","modified_gmt":"2023-06-14T07:42:48","slug":"as-filter","status":"publish","type":"page","link":"https:\/\/www.alexis-srl.it\/it\/nuove-macchine\/as-filter\/","title":{"rendered":"AS-FILTER"},"content":{"rendered":"[vc_row][vc_column][vc_custom_heading text=&#8221;AS-FILTER&#8221; font_container=&#8221;tag:h3|text_align:left&#8221; use_theme_fonts=&#8221;yes&#8221;][vc_column_text]<em>Filtro a sospensione abrasiva\u00a0<\/em>[\/vc_column_text][vc_empty_space height=&#8221;20px&#8221;][vc_row_inner][vc_column_inner width=&#8221;1\/2&#8243;][vc_column_text]AS-Filter \u00e8 un sistema di filtraggio eco-sostenibile che consente il recupero di abrasivi. Questa unit\u00e0 \u00e8 solitamente destinata ad essere collegata ad una AS-Scrubber. Il suo design modulare consente al cliente di scegliere tra una variet\u00e0 di moduli da combinare in base alle esigenze di produzione.<\/p>\n<p><strong>MODULI PRINCIPALI<\/strong><\/p>\n<ul>\n<li><strong>AS-Filter<\/strong><br \/>\nModulo principale che drena l&#8217;acqua dalla prima camera di risciacquo e la filtra dall&#8217;abrasivo.<\/li>\n<li><strong>Deposito liquami esausti<\/strong><br \/>\nModulo che raccoglie l&#8217;abrasivo esausto. Il serbatoio \u00e8 dotato di ruote per facilitare la sostituzione del sacco filtro.<\/li>\n<li><strong>Risciacquo HP<\/strong><br \/>\nModulo altamente raccomandato per la pulizia di fori, linee sottili in caso di applicazione maschera di saldatura.<\/li>\n<li><strong>Pompa di ricircolo<\/strong><br \/>\nPompa di ricircolo dell&#8217;acqua con sacco filtro di grande capacit\u00e0.<\/li>\n<\/ul>\n[\/vc_column_text][\/vc_column_inner][vc_column_inner width=&#8221;1\/2&#8243;][vc_single_image image=&#8221;1198&#8243; img_size=&#8221;full&#8221;][\/vc_column_inner][\/vc_row_inner][\/vc_column][\/vc_row][vc_row][vc_column width=&#8221;1\/4&#8243;][\/vc_column][vc_column width=&#8221;1\/4&#8243;][\/vc_column][vc_column width=&#8221;1\/4&#8243;][\/vc_column][vc_column width=&#8221;1\/4&#8243;][\/vc_column][\/vc_row]\n","protected":false},"excerpt":{"rendered":"<p>[vc_row][vc_column][vc_custom_heading text=&#8221;AS-FILTER&#8221; font_container=&#8221;tag:h3|text_align:left&#8221; use_theme_fonts=&#8221;yes&#8221;][vc_column_text]Filtro a sospensione abrasiva\u00a0[\/vc_column_text][vc_empty_space height=&#8221;20px&#8221;][vc_row_inner][vc_column_inner width=&#8221;1\/2&#8243;][vc_column_text]AS-Filter \u00e8 un sistema di filtraggio eco-sostenibile che consente il recupero di abrasivi. Questa unit\u00e0 \u00e8 solitamente destinata ad essere collegata ad una AS-Scrubber. Il suo design modulare consente al cliente di scegliere tra una variet\u00e0 di moduli da combinare in base alle esigenze di produzione. MODULI PRINCIPALI AS-Filter Modulo principale che drena l&#8217;acqua dalla prima camera di risciacquo e la filtra dall&#8217;abrasivo. Deposito liquami esausti Modulo che raccoglie l&#8217;abrasivo esausto. Il serbatoio \u00e8 dotato di ruote per facilitare la sostituzione del sacco filtro. Risciacquo HP Modulo altamente raccomandato per la pulizia di fori, linee sottili in caso di applicazione maschera di saldatura. Pompa di ricircolo Pompa di ricircolo dell&#8217;acqua con sacco filtro di grande capacit\u00e0. [\/vc_column_text][\/vc_column_inner][vc_column_inner width=&#8221;1\/2&#8243;][vc_single_image image=&#8221;1198&#8243; img_size=&#8221;full&#8221;][\/vc_column_inner][\/vc_row_inner][\/vc_column][\/vc_row][vc_row][vc_column width=&#8221;1\/4&#8243;][\/vc_column][vc_column width=&#8221;1\/4&#8243;][\/vc_column][vc_column width=&#8221;1\/4&#8243;][\/vc_column][vc_column width=&#8221;1\/4&#8243;][\/vc_column][\/vc_row]<\/p>\n","protected":false},"author":4,"featured_media":0,"parent":1166,"menu_order":0,"comment_status":"closed","ping_status":"closed","template":"","meta":{"_themeisle_gutenberg_block_has_review":false,"iawp_total_views":78},"yoast_head":"<!-- This site is optimized with the Yoast SEO plugin v21.1 - https:\/\/yoast.com\/wordpress\/plugins\/seo\/ -->\n<title>AS-FILTER - Alexis S.r.l.<\/title>\n<meta name=\"robots\" content=\"index, follow, max-snippet:-1, max-image-preview:large, max-video-preview:-1\" \/>\n<link rel=\"canonical\" href=\"https:\/\/www.alexis-srl.it\/it\/nuove-macchine\/as-filter\/\" \/>\n<meta property=\"og:locale\" content=\"it_IT\" \/>\n<meta property=\"og:type\" content=\"article\" \/>\n<meta property=\"og:title\" content=\"AS-FILTER - Alexis S.r.l.\" \/>\n<meta property=\"og:description\" content=\"[vc_row][vc_column][vc_custom_heading text=&#8221;AS-FILTER&#8221; font_container=&#8221;tag:h3|text_align:left&#8221; use_theme_fonts=&#8221;yes&#8221;][vc_column_text]Filtro a sospensione abrasiva\u00a0[\/vc_column_text][vc_empty_space height=&#8221;20px&#8221;][vc_row_inner][vc_column_inner width=&#8221;1\/2&#8243;][vc_column_text]AS-Filter \u00e8 un sistema di filtraggio eco-sostenibile che consente il recupero di abrasivi. Questa unit\u00e0 \u00e8 solitamente destinata ad essere collegata ad una AS-Scrubber. Il suo design modulare consente al cliente di scegliere tra una variet\u00e0 di moduli da combinare in base alle esigenze di produzione. MODULI PRINCIPALI AS-Filter Modulo principale che drena l&#8217;acqua dalla prima camera di risciacquo e la filtra dall&#8217;abrasivo. Deposito liquami esausti Modulo che raccoglie l&#8217;abrasivo esausto. Il serbatoio \u00e8 dotato di ruote per facilitare la sostituzione del sacco filtro. Risciacquo HP Modulo altamente raccomandato per la pulizia di fori, linee sottili in caso di applicazione maschera di saldatura. Pompa di ricircolo Pompa di ricircolo dell&#8217;acqua con sacco filtro di grande capacit\u00e0. [\/vc_column_text][\/vc_column_inner][vc_column_inner width=&#8221;1\/2&#8243;][vc_single_image image=&#8221;1198&#8243; img_size=&#8221;full&#8221;][\/vc_column_inner][\/vc_row_inner][\/vc_column][\/vc_row][vc_row][vc_column width=&#8221;1\/4&#8243;][\/vc_column][vc_column width=&#8221;1\/4&#8243;][\/vc_column][vc_column width=&#8221;1\/4&#8243;][\/vc_column][vc_column width=&#8221;1\/4&#8243;][\/vc_column][\/vc_row]\" \/>\n<meta property=\"og:url\" content=\"https:\/\/www.alexis-srl.it\/it\/nuove-macchine\/as-filter\/\" \/>\n<meta property=\"og:site_name\" content=\"Alexis S.r.l.\" \/>\n<meta property=\"article:modified_time\" content=\"2023-06-14T07:42:48+00:00\" \/>\n<meta name=\"twitter:card\" content=\"summary_large_image\" \/>\n<meta name=\"twitter:label1\" content=\"Tempo di lettura stimato\" \/>\n\t<meta name=\"twitter:data1\" content=\"1 minuto\" \/>\n<script type=\"application\/ld+json\" class=\"yoast-schema-graph\">{\"@context\":\"https:\/\/schema.org\",\"@graph\":[{\"@type\":\"WebPage\",\"@id\":\"https:\/\/www.alexis-srl.it\/it\/nuove-macchine\/as-filter\/\",\"url\":\"https:\/\/www.alexis-srl.it\/it\/nuove-macchine\/as-filter\/\",\"name\":\"AS-FILTER - Alexis S.r.l.\",\"isPartOf\":{\"@id\":\"https:\/\/www.alexis-srl.it\/#website\"},\"datePublished\":\"2023-05-25T08:06:01+00:00\",\"dateModified\":\"2023-06-14T07:42:48+00:00\",\"breadcrumb\":{\"@id\":\"https:\/\/www.alexis-srl.it\/it\/nuove-macchine\/as-filter\/#breadcrumb\"},\"inLanguage\":\"it-IT\",\"potentialAction\":[{\"@type\":\"ReadAction\",\"target\":[\"https:\/\/www.alexis-srl.it\/it\/nuove-macchine\/as-filter\/\"]}]},{\"@type\":\"BreadcrumbList\",\"@id\":\"https:\/\/www.alexis-srl.it\/it\/nuove-macchine\/as-filter\/#breadcrumb\",\"itemListElement\":[{\"@type\":\"ListItem\",\"position\":1,\"name\":\"Home\",\"item\":\"https:\/\/www.alexis-srl.it\/it\/home\/\"},{\"@type\":\"ListItem\",\"position\":2,\"name\":\"Nuove Macchine\",\"item\":\"https:\/\/www.alexis-srl.it\/it\/nuove-macchine\/\"},{\"@type\":\"ListItem\",\"position\":3,\"name\":\"AS-FILTER\"}]},{\"@type\":\"WebSite\",\"@id\":\"https:\/\/www.alexis-srl.it\/#website\",\"url\":\"https:\/\/www.alexis-srl.it\/\",\"name\":\"Alexis S.r.l.\",\"description\":\"PCB &amp; PV Wet Process\",\"publisher\":{\"@id\":\"https:\/\/www.alexis-srl.it\/#organization\"},\"potentialAction\":[{\"@type\":\"SearchAction\",\"target\":{\"@type\":\"EntryPoint\",\"urlTemplate\":\"https:\/\/www.alexis-srl.it\/?s={search_term_string}\"},\"query-input\":\"required name=search_term_string\"}],\"inLanguage\":\"it-IT\"},{\"@type\":\"Organization\",\"@id\":\"https:\/\/www.alexis-srl.it\/#organization\",\"name\":\"Alexis S.r.l.\",\"url\":\"https:\/\/www.alexis-srl.it\/\",\"logo\":{\"@type\":\"ImageObject\",\"inLanguage\":\"it-IT\",\"@id\":\"https:\/\/www.alexis-srl.it\/#\/schema\/logo\/image\/\",\"url\":\"https:\/\/www.alexis-srl.it\/wp-content\/uploads\/2023\/03\/Alexis-PCB-wet-process-solutions.png\",\"contentUrl\":\"https:\/\/www.alexis-srl.it\/wp-content\/uploads\/2023\/03\/Alexis-PCB-wet-process-solutions.png\",\"width\":1400,\"height\":400,\"caption\":\"Alexis S.r.l.\"},\"image\":{\"@id\":\"https:\/\/www.alexis-srl.it\/#\/schema\/logo\/image\/\"}}]}<\/script>\n<!-- \/ Yoast SEO plugin. -->","yoast_head_json":{"title":"AS-FILTER - Alexis S.r.l.","robots":{"index":"index","follow":"follow","max-snippet":"max-snippet:-1","max-image-preview":"max-image-preview:large","max-video-preview":"max-video-preview:-1"},"canonical":"https:\/\/www.alexis-srl.it\/it\/nuove-macchine\/as-filter\/","og_locale":"it_IT","og_type":"article","og_title":"AS-FILTER - Alexis S.r.l.","og_description":"[vc_row][vc_column][vc_custom_heading text=&#8221;AS-FILTER&#8221; font_container=&#8221;tag:h3|text_align:left&#8221; use_theme_fonts=&#8221;yes&#8221;][vc_column_text]Filtro a sospensione abrasiva\u00a0[\/vc_column_text][vc_empty_space height=&#8221;20px&#8221;][vc_row_inner][vc_column_inner width=&#8221;1\/2&#8243;][vc_column_text]AS-Filter \u00e8 un sistema di filtraggio eco-sostenibile che consente il recupero di abrasivi. Questa unit\u00e0 \u00e8 solitamente destinata ad essere collegata ad una AS-Scrubber. Il suo design modulare consente al cliente di scegliere tra una variet\u00e0 di moduli da combinare in base alle esigenze di produzione. MODULI PRINCIPALI AS-Filter Modulo principale che drena l&#8217;acqua dalla prima camera di risciacquo e la filtra dall&#8217;abrasivo. Deposito liquami esausti Modulo che raccoglie l&#8217;abrasivo esausto. Il serbatoio \u00e8 dotato di ruote per facilitare la sostituzione del sacco filtro. Risciacquo HP Modulo altamente raccomandato per la pulizia di fori, linee sottili in caso di applicazione maschera di saldatura. Pompa di ricircolo Pompa di ricircolo dell&#8217;acqua con sacco filtro di grande capacit\u00e0. [\/vc_column_text][\/vc_column_inner][vc_column_inner width=&#8221;1\/2&#8243;][vc_single_image image=&#8221;1198&#8243; img_size=&#8221;full&#8221;][\/vc_column_inner][\/vc_row_inner][\/vc_column][\/vc_row][vc_row][vc_column width=&#8221;1\/4&#8243;][\/vc_column][vc_column width=&#8221;1\/4&#8243;][\/vc_column][vc_column width=&#8221;1\/4&#8243;][\/vc_column][vc_column width=&#8221;1\/4&#8243;][\/vc_column][\/vc_row]","og_url":"https:\/\/www.alexis-srl.it\/it\/nuove-macchine\/as-filter\/","og_site_name":"Alexis S.r.l.","article_modified_time":"2023-06-14T07:42:48+00:00","twitter_card":"summary_large_image","twitter_misc":{"Tempo di lettura stimato":"1 minuto"},"schema":{"@context":"https:\/\/schema.org","@graph":[{"@type":"WebPage","@id":"https:\/\/www.alexis-srl.it\/it\/nuove-macchine\/as-filter\/","url":"https:\/\/www.alexis-srl.it\/it\/nuove-macchine\/as-filter\/","name":"AS-FILTER - Alexis S.r.l.","isPartOf":{"@id":"https:\/\/www.alexis-srl.it\/#website"},"datePublished":"2023-05-25T08:06:01+00:00","dateModified":"2023-06-14T07:42:48+00:00","breadcrumb":{"@id":"https:\/\/www.alexis-srl.it\/it\/nuove-macchine\/as-filter\/#breadcrumb"},"inLanguage":"it-IT","potentialAction":[{"@type":"ReadAction","target":["https:\/\/www.alexis-srl.it\/it\/nuove-macchine\/as-filter\/"]}]},{"@type":"BreadcrumbList","@id":"https:\/\/www.alexis-srl.it\/it\/nuove-macchine\/as-filter\/#breadcrumb","itemListElement":[{"@type":"ListItem","position":1,"name":"Home","item":"https:\/\/www.alexis-srl.it\/it\/home\/"},{"@type":"ListItem","position":2,"name":"Nuove Macchine","item":"https:\/\/www.alexis-srl.it\/it\/nuove-macchine\/"},{"@type":"ListItem","position":3,"name":"AS-FILTER"}]},{"@type":"WebSite","@id":"https:\/\/www.alexis-srl.it\/#website","url":"https:\/\/www.alexis-srl.it\/","name":"Alexis S.r.l.","description":"PCB &amp; PV Wet Process","publisher":{"@id":"https:\/\/www.alexis-srl.it\/#organization"},"potentialAction":[{"@type":"SearchAction","target":{"@type":"EntryPoint","urlTemplate":"https:\/\/www.alexis-srl.it\/?s={search_term_string}"},"query-input":"required name=search_term_string"}],"inLanguage":"it-IT"},{"@type":"Organization","@id":"https:\/\/www.alexis-srl.it\/#organization","name":"Alexis S.r.l.","url":"https:\/\/www.alexis-srl.it\/","logo":{"@type":"ImageObject","inLanguage":"it-IT","@id":"https:\/\/www.alexis-srl.it\/#\/schema\/logo\/image\/","url":"https:\/\/www.alexis-srl.it\/wp-content\/uploads\/2023\/03\/Alexis-PCB-wet-process-solutions.png","contentUrl":"https:\/\/www.alexis-srl.it\/wp-content\/uploads\/2023\/03\/Alexis-PCB-wet-process-solutions.png","width":1400,"height":400,"caption":"Alexis S.r.l."},"image":{"@id":"https:\/\/www.alexis-srl.it\/#\/schema\/logo\/image\/"}}]}},"_links":{"self":[{"href":"https:\/\/www.alexis-srl.it\/it\/wp-json\/wp\/v2\/pages\/1196"}],"collection":[{"href":"https:\/\/www.alexis-srl.it\/it\/wp-json\/wp\/v2\/pages"}],"about":[{"href":"https:\/\/www.alexis-srl.it\/it\/wp-json\/wp\/v2\/types\/page"}],"author":[{"embeddable":true,"href":"https:\/\/www.alexis-srl.it\/it\/wp-json\/wp\/v2\/users\/4"}],"replies":[{"embeddable":true,"href":"https:\/\/www.alexis-srl.it\/it\/wp-json\/wp\/v2\/comments?post=1196"}],"version-history":[{"count":9,"href":"https:\/\/www.alexis-srl.it\/it\/wp-json\/wp\/v2\/pages\/1196\/revisions"}],"predecessor-version":[{"id":1692,"href":"https:\/\/www.alexis-srl.it\/it\/wp-json\/wp\/v2\/pages\/1196\/revisions\/1692"}],"up":[{"embeddable":true,"href":"https:\/\/www.alexis-srl.it\/it\/wp-json\/wp\/v2\/pages\/1166"}],"wp:attachment":[{"href":"https:\/\/www.alexis-srl.it\/it\/wp-json\/wp\/v2\/media?parent=1196"}],"curies":[{"name":"wp","href":"https:\/\/api.w.org\/{rel}","templated":true}]}}