{"id":1528,"date":"2023-05-25T10:39:21","date_gmt":"2023-05-25T08:39:21","guid":{"rendered":"https:\/\/www.alexis-srl.it\/?page_id=1528"},"modified":"2023-07-31T10:44:42","modified_gmt":"2023-07-31T08:44:42","slug":"brush-scrubber-2","status":"publish","type":"page","link":"https:\/\/www.alexis-srl.it\/it\/nuove-macchine\/brush-scrubber-2\/","title":{"rendered":"BRUSH SCRUBBER"},"content":{"rendered":"[vc_row][vc_column][vc_custom_heading text=&#8221;BRUSH SCRUBBER&#8221; font_container=&#8221;tag:h3|text_align:left&#8221; use_theme_fonts=&#8221;yes&#8221;][vc_column_text]<em>(<span dir=\"ltr\" role=\"presentation\">spazzolatrice<\/span>)<\/em>[\/vc_column_text][vc_empty_space height=&#8221;20px&#8221;][vc_row_inner][vc_column_inner width=&#8221;1\/2&#8243;][vc_column_text]<span dir=\"ltr\" role=\"presentation\">Brush Scrubber \u00e8 una macchina modulare che pu\u00f2 essere utilizzata in varie fasi della lavorazione di<\/span><br role=\"presentation\" \/><span dir=\"ltr\" role=\"presentation\">circuiti stampati grazie all&#8217;intercambiabilit\u00e0 delle sue spazzole. <\/span><\/p>\n<p><span dir=\"ltr\" role=\"presentation\">Tali processi possono essere: <\/span><span dir=\"ltr\" role=\"presentation\">lavaggio, sbavatura, preparazione superficiale.<\/span><\/p>\n<p><br role=\"presentation\" \/><span dir=\"ltr\" role=\"presentation\">La macchina standard ha due versioni base:<\/span> <strong><span dir=\"ltr\" role=\"presentation\">2B<\/span><\/strong> <span dir=\"ltr\" role=\"presentation\">( 2 spazzole) e<\/span> <strong><span dir=\"ltr\" role=\"presentation\">4B<\/span><\/strong> <span dir=\"ltr\" role=\"presentation\">(4spazzole).<\/span>[\/vc_column_text][\/vc_column_inner][vc_column_inner width=&#8221;1\/2&#8243;][vc_single_image image=&#8221;1742&#8243; img_size=&#8221;full&#8221;][\/vc_column_inner][\/vc_row_inner][\/vc_column][\/vc_row][vc_row][vc_column width=&#8221;1\/4&#8243;][vc_single_image image=&#8221;1744&#8243; img_size=&#8221;600&#215;600&#8243; onclick=&#8221;link_image&#8221;][\/vc_column][vc_column width=&#8221;1\/4&#8243;][\/vc_column][vc_column width=&#8221;1\/4&#8243;][\/vc_column][vc_column width=&#8221;1\/4&#8243;][\/vc_column][\/vc_row]\n","protected":false},"excerpt":{"rendered":"<p>[vc_row][vc_column][vc_custom_heading text=&#8221;BRUSH SCRUBBER&#8221; font_container=&#8221;tag:h3|text_align:left&#8221; use_theme_fonts=&#8221;yes&#8221;][vc_column_text](spazzolatrice)[\/vc_column_text][vc_empty_space height=&#8221;20px&#8221;][vc_row_inner][vc_column_inner width=&#8221;1\/2&#8243;][vc_column_text]Brush Scrubber \u00e8 una macchina modulare che pu\u00f2 essere utilizzata in varie fasi della lavorazione dicircuiti stampati grazie all&#8217;intercambiabilit\u00e0 delle sue spazzole. Tali processi possono essere: lavaggio, sbavatura, preparazione superficiale. La macchina standard ha due versioni base: 2B ( 2 spazzole) e 4B (4spazzole).[\/vc_column_text][\/vc_column_inner][vc_column_inner width=&#8221;1\/2&#8243;][vc_single_image image=&#8221;1742&#8243; img_size=&#8221;full&#8221;][\/vc_column_inner][\/vc_row_inner][\/vc_column][\/vc_row][vc_row][vc_column width=&#8221;1\/4&#8243;][vc_single_image image=&#8221;1744&#8243; img_size=&#8221;600&#215;600&#8243; onclick=&#8221;link_image&#8221;][\/vc_column][vc_column width=&#8221;1\/4&#8243;][\/vc_column][vc_column width=&#8221;1\/4&#8243;][\/vc_column][vc_column width=&#8221;1\/4&#8243;][\/vc_column][\/vc_row]<\/p>\n","protected":false},"author":4,"featured_media":0,"parent":1166,"menu_order":0,"comment_status":"closed","ping_status":"closed","template":"","meta":{"_themeisle_gutenberg_block_has_review":false,"iawp_total_views":86},"yoast_head":"<!-- This site is optimized with the Yoast SEO plugin v21.1 - https:\/\/yoast.com\/wordpress\/plugins\/seo\/ -->\n<title>BRUSH SCRUBBER - Alexis S.r.l.<\/title>\n<meta name=\"robots\" content=\"index, follow, max-snippet:-1, max-image-preview:large, max-video-preview:-1\" \/>\n<link rel=\"canonical\" href=\"https:\/\/www.alexis-srl.it\/it\/nuove-macchine\/brush-scrubber-2\/\" \/>\n<meta property=\"og:locale\" content=\"it_IT\" \/>\n<meta property=\"og:type\" content=\"article\" \/>\n<meta property=\"og:title\" content=\"BRUSH SCRUBBER - Alexis S.r.l.\" \/>\n<meta property=\"og:description\" content=\"[vc_row][vc_column][vc_custom_heading text=&#8221;BRUSH SCRUBBER&#8221; font_container=&#8221;tag:h3|text_align:left&#8221; use_theme_fonts=&#8221;yes&#8221;][vc_column_text](spazzolatrice)[\/vc_column_text][vc_empty_space height=&#8221;20px&#8221;][vc_row_inner][vc_column_inner width=&#8221;1\/2&#8243;][vc_column_text]Brush Scrubber \u00e8 una macchina modulare che pu\u00f2 essere utilizzata in varie fasi della lavorazione dicircuiti stampati grazie all&#8217;intercambiabilit\u00e0 delle sue spazzole. Tali processi possono essere: lavaggio, sbavatura, preparazione superficiale. La macchina standard ha due versioni base: 2B ( 2 spazzole) e 4B (4spazzole).[\/vc_column_text][\/vc_column_inner][vc_column_inner width=&#8221;1\/2&#8243;][vc_single_image image=&#8221;1742&#8243; img_size=&#8221;full&#8221;][\/vc_column_inner][\/vc_row_inner][\/vc_column][\/vc_row][vc_row][vc_column width=&#8221;1\/4&#8243;][vc_single_image image=&#8221;1744&#8243; img_size=&#8221;600&#215;600&#8243; onclick=&#8221;link_image&#8221;][\/vc_column][vc_column width=&#8221;1\/4&#8243;][\/vc_column][vc_column width=&#8221;1\/4&#8243;][\/vc_column][vc_column width=&#8221;1\/4&#8243;][\/vc_column][\/vc_row]\" \/>\n<meta property=\"og:url\" content=\"https:\/\/www.alexis-srl.it\/it\/nuove-macchine\/brush-scrubber-2\/\" \/>\n<meta property=\"og:site_name\" content=\"Alexis S.r.l.\" \/>\n<meta property=\"article:modified_time\" content=\"2023-07-31T08:44:42+00:00\" \/>\n<meta name=\"twitter:card\" content=\"summary_large_image\" \/>\n<meta name=\"twitter:label1\" content=\"Tempo di lettura stimato\" \/>\n\t<meta name=\"twitter:data1\" content=\"1 minuto\" \/>\n<script type=\"application\/ld+json\" class=\"yoast-schema-graph\">{\"@context\":\"https:\/\/schema.org\",\"@graph\":[{\"@type\":\"WebPage\",\"@id\":\"https:\/\/www.alexis-srl.it\/it\/nuove-macchine\/brush-scrubber-2\/\",\"url\":\"https:\/\/www.alexis-srl.it\/it\/nuove-macchine\/brush-scrubber-2\/\",\"name\":\"BRUSH SCRUBBER - Alexis S.r.l.\",\"isPartOf\":{\"@id\":\"https:\/\/www.alexis-srl.it\/#website\"},\"datePublished\":\"2023-05-25T08:39:21+00:00\",\"dateModified\":\"2023-07-31T08:44:42+00:00\",\"breadcrumb\":{\"@id\":\"https:\/\/www.alexis-srl.it\/it\/nuove-macchine\/brush-scrubber-2\/#breadcrumb\"},\"inLanguage\":\"it-IT\",\"potentialAction\":[{\"@type\":\"ReadAction\",\"target\":[\"https:\/\/www.alexis-srl.it\/it\/nuove-macchine\/brush-scrubber-2\/\"]}]},{\"@type\":\"BreadcrumbList\",\"@id\":\"https:\/\/www.alexis-srl.it\/it\/nuove-macchine\/brush-scrubber-2\/#breadcrumb\",\"itemListElement\":[{\"@type\":\"ListItem\",\"position\":1,\"name\":\"Home\",\"item\":\"https:\/\/www.alexis-srl.it\/it\/home\/\"},{\"@type\":\"ListItem\",\"position\":2,\"name\":\"Nuove Macchine\",\"item\":\"https:\/\/www.alexis-srl.it\/it\/nuove-macchine\/\"},{\"@type\":\"ListItem\",\"position\":3,\"name\":\"BRUSH SCRUBBER\"}]},{\"@type\":\"WebSite\",\"@id\":\"https:\/\/www.alexis-srl.it\/#website\",\"url\":\"https:\/\/www.alexis-srl.it\/\",\"name\":\"Alexis S.r.l.\",\"description\":\"PCB &amp; PV Wet Process\",\"publisher\":{\"@id\":\"https:\/\/www.alexis-srl.it\/#organization\"},\"potentialAction\":[{\"@type\":\"SearchAction\",\"target\":{\"@type\":\"EntryPoint\",\"urlTemplate\":\"https:\/\/www.alexis-srl.it\/?s={search_term_string}\"},\"query-input\":\"required name=search_term_string\"}],\"inLanguage\":\"it-IT\"},{\"@type\":\"Organization\",\"@id\":\"https:\/\/www.alexis-srl.it\/#organization\",\"name\":\"Alexis S.r.l.\",\"url\":\"https:\/\/www.alexis-srl.it\/\",\"logo\":{\"@type\":\"ImageObject\",\"inLanguage\":\"it-IT\",\"@id\":\"https:\/\/www.alexis-srl.it\/#\/schema\/logo\/image\/\",\"url\":\"https:\/\/www.alexis-srl.it\/wp-content\/uploads\/2023\/03\/Alexis-PCB-wet-process-solutions.png\",\"contentUrl\":\"https:\/\/www.alexis-srl.it\/wp-content\/uploads\/2023\/03\/Alexis-PCB-wet-process-solutions.png\",\"width\":1400,\"height\":400,\"caption\":\"Alexis S.r.l.\"},\"image\":{\"@id\":\"https:\/\/www.alexis-srl.it\/#\/schema\/logo\/image\/\"}}]}<\/script>\n<!-- \/ Yoast SEO plugin. -->","yoast_head_json":{"title":"BRUSH SCRUBBER - Alexis S.r.l.","robots":{"index":"index","follow":"follow","max-snippet":"max-snippet:-1","max-image-preview":"max-image-preview:large","max-video-preview":"max-video-preview:-1"},"canonical":"https:\/\/www.alexis-srl.it\/it\/nuove-macchine\/brush-scrubber-2\/","og_locale":"it_IT","og_type":"article","og_title":"BRUSH SCRUBBER - Alexis S.r.l.","og_description":"[vc_row][vc_column][vc_custom_heading text=&#8221;BRUSH SCRUBBER&#8221; font_container=&#8221;tag:h3|text_align:left&#8221; use_theme_fonts=&#8221;yes&#8221;][vc_column_text](spazzolatrice)[\/vc_column_text][vc_empty_space height=&#8221;20px&#8221;][vc_row_inner][vc_column_inner width=&#8221;1\/2&#8243;][vc_column_text]Brush Scrubber \u00e8 una macchina modulare che pu\u00f2 essere utilizzata in varie fasi della lavorazione dicircuiti stampati grazie all&#8217;intercambiabilit\u00e0 delle sue spazzole. Tali processi possono essere: lavaggio, sbavatura, preparazione superficiale. La macchina standard ha due versioni base: 2B ( 2 spazzole) e 4B (4spazzole).[\/vc_column_text][\/vc_column_inner][vc_column_inner width=&#8221;1\/2&#8243;][vc_single_image image=&#8221;1742&#8243; img_size=&#8221;full&#8221;][\/vc_column_inner][\/vc_row_inner][\/vc_column][\/vc_row][vc_row][vc_column width=&#8221;1\/4&#8243;][vc_single_image image=&#8221;1744&#8243; img_size=&#8221;600&#215;600&#8243; onclick=&#8221;link_image&#8221;][\/vc_column][vc_column width=&#8221;1\/4&#8243;][\/vc_column][vc_column width=&#8221;1\/4&#8243;][\/vc_column][vc_column width=&#8221;1\/4&#8243;][\/vc_column][\/vc_row]","og_url":"https:\/\/www.alexis-srl.it\/it\/nuove-macchine\/brush-scrubber-2\/","og_site_name":"Alexis S.r.l.","article_modified_time":"2023-07-31T08:44:42+00:00","twitter_card":"summary_large_image","twitter_misc":{"Tempo di lettura stimato":"1 minuto"},"schema":{"@context":"https:\/\/schema.org","@graph":[{"@type":"WebPage","@id":"https:\/\/www.alexis-srl.it\/it\/nuove-macchine\/brush-scrubber-2\/","url":"https:\/\/www.alexis-srl.it\/it\/nuove-macchine\/brush-scrubber-2\/","name":"BRUSH SCRUBBER - Alexis S.r.l.","isPartOf":{"@id":"https:\/\/www.alexis-srl.it\/#website"},"datePublished":"2023-05-25T08:39:21+00:00","dateModified":"2023-07-31T08:44:42+00:00","breadcrumb":{"@id":"https:\/\/www.alexis-srl.it\/it\/nuove-macchine\/brush-scrubber-2\/#breadcrumb"},"inLanguage":"it-IT","potentialAction":[{"@type":"ReadAction","target":["https:\/\/www.alexis-srl.it\/it\/nuove-macchine\/brush-scrubber-2\/"]}]},{"@type":"BreadcrumbList","@id":"https:\/\/www.alexis-srl.it\/it\/nuove-macchine\/brush-scrubber-2\/#breadcrumb","itemListElement":[{"@type":"ListItem","position":1,"name":"Home","item":"https:\/\/www.alexis-srl.it\/it\/home\/"},{"@type":"ListItem","position":2,"name":"Nuove Macchine","item":"https:\/\/www.alexis-srl.it\/it\/nuove-macchine\/"},{"@type":"ListItem","position":3,"name":"BRUSH SCRUBBER"}]},{"@type":"WebSite","@id":"https:\/\/www.alexis-srl.it\/#website","url":"https:\/\/www.alexis-srl.it\/","name":"Alexis S.r.l.","description":"PCB &amp; PV Wet Process","publisher":{"@id":"https:\/\/www.alexis-srl.it\/#organization"},"potentialAction":[{"@type":"SearchAction","target":{"@type":"EntryPoint","urlTemplate":"https:\/\/www.alexis-srl.it\/?s={search_term_string}"},"query-input":"required name=search_term_string"}],"inLanguage":"it-IT"},{"@type":"Organization","@id":"https:\/\/www.alexis-srl.it\/#organization","name":"Alexis S.r.l.","url":"https:\/\/www.alexis-srl.it\/","logo":{"@type":"ImageObject","inLanguage":"it-IT","@id":"https:\/\/www.alexis-srl.it\/#\/schema\/logo\/image\/","url":"https:\/\/www.alexis-srl.it\/wp-content\/uploads\/2023\/03\/Alexis-PCB-wet-process-solutions.png","contentUrl":"https:\/\/www.alexis-srl.it\/wp-content\/uploads\/2023\/03\/Alexis-PCB-wet-process-solutions.png","width":1400,"height":400,"caption":"Alexis S.r.l."},"image":{"@id":"https:\/\/www.alexis-srl.it\/#\/schema\/logo\/image\/"}}]}},"_links":{"self":[{"href":"https:\/\/www.alexis-srl.it\/it\/wp-json\/wp\/v2\/pages\/1528"}],"collection":[{"href":"https:\/\/www.alexis-srl.it\/it\/wp-json\/wp\/v2\/pages"}],"about":[{"href":"https:\/\/www.alexis-srl.it\/it\/wp-json\/wp\/v2\/types\/page"}],"author":[{"embeddable":true,"href":"https:\/\/www.alexis-srl.it\/it\/wp-json\/wp\/v2\/users\/4"}],"replies":[{"embeddable":true,"href":"https:\/\/www.alexis-srl.it\/it\/wp-json\/wp\/v2\/comments?post=1528"}],"version-history":[{"count":5,"href":"https:\/\/www.alexis-srl.it\/it\/wp-json\/wp\/v2\/pages\/1528\/revisions"}],"predecessor-version":[{"id":1747,"href":"https:\/\/www.alexis-srl.it\/it\/wp-json\/wp\/v2\/pages\/1528\/revisions\/1747"}],"up":[{"embeddable":true,"href":"https:\/\/www.alexis-srl.it\/it\/wp-json\/wp\/v2\/pages\/1166"}],"wp:attachment":[{"href":"https:\/\/www.alexis-srl.it\/it\/wp-json\/wp\/v2\/media?parent=1528"}],"curies":[{"name":"wp","href":"https:\/\/api.w.org\/{rel}","templated":true}]}}