{"id":737,"date":"2017-05-16T17:02:19","date_gmt":"2017-05-16T15:02:19","guid":{"rendered":"https:\/\/www.alexis-srl.it\/?page_id=737"},"modified":"2023-08-02T09:57:29","modified_gmt":"2023-08-02T07:57:29","slug":"chem-clean-line","status":"publish","type":"page","link":"https:\/\/www.alexis-srl.it\/it\/nuove-macchine\/chem-clean-line\/","title":{"rendered":"CHEM CLEAN LINE"},"content":{"rendered":"[vc_row][vc_column][vc_custom_heading text=&#8221;CHEM CLEAN LINE&#8221; font_container=&#8221;tag:h3|text_align:left&#8221; use_theme_fonts=&#8221;yes&#8221;][vc_column_text]<em>Linea chimica modulare<\/em>[\/vc_column_text][vc_empty_space height=&#8221;20px&#8221;][\/vc_column][\/vc_row][vc_row][vc_column width=&#8221;2\/3&#8243;][vc_column_text]Chem Clean Line \u00e8 una linea modulare utilizzata principalmente nelle varie combinazioni di linee per<br \/>\ngarantire l\u2019<strong>adesione rame-epossidica<\/strong> nella produzione multistrato,<strong> pulizia chimica<\/strong> o<strong> metallizzazione diretta.<\/strong><br \/>\nLa linea pu\u00f2 essere costituita da moduli ad immersione o spruzzo seguiti da risciacquo e asciugatura.<\/p>\n<p>La struttura pu\u00f2 essere realizzata in polipropilene (PP) , PVC oppure in acciaio Inox 316 ed \u00e8 progettata per soddisfare le esigenze del cliente, in termini di trattamenti e in moduli di lunghezza.<\/p>\n<p>I moduli in PVC possono essere configurati per funzionare con varie sostanze chimiche. Si prega di specificare in modo che possano essere utilizzati materiali resistenti alla chimica.[\/vc_column_text][\/vc_column][vc_column width=&#8221;1\/3&#8243;][vc_single_image image=&#8221;1752&#8243; img_size=&#8221;full&#8221;][\/vc_column][\/vc_row]\n","protected":false},"excerpt":{"rendered":"<p>[vc_row][vc_column][vc_custom_heading text=&#8221;CHEM CLEAN LINE&#8221; font_container=&#8221;tag:h3|text_align:left&#8221; use_theme_fonts=&#8221;yes&#8221;][vc_column_text]Linea chimica modulare[\/vc_column_text][vc_empty_space height=&#8221;20px&#8221;][\/vc_column][\/vc_row][vc_row][vc_column width=&#8221;2\/3&#8243;][vc_column_text]Chem Clean Line \u00e8 una linea modulare utilizzata principalmente nelle varie combinazioni di linee per garantire l\u2019adesione rame-epossidica nella produzione multistrato, pulizia chimica o metallizzazione diretta. La linea pu\u00f2 essere costituita da moduli ad immersione o spruzzo seguiti da risciacquo e asciugatura. La struttura pu\u00f2 essere realizzata in polipropilene (PP) , PVC oppure in acciaio Inox 316 ed \u00e8 progettata per soddisfare le esigenze del cliente, in termini di trattamenti e in moduli di lunghezza. I moduli in PVC possono essere configurati per funzionare con varie sostanze chimiche. Si prega di specificare in modo che possano essere utilizzati materiali resistenti alla chimica.[\/vc_column_text][\/vc_column][vc_column width=&#8221;1\/3&#8243;][vc_single_image image=&#8221;1752&#8243; img_size=&#8221;full&#8221;][\/vc_column][\/vc_row]<\/p>\n","protected":false},"author":4,"featured_media":0,"parent":1166,"menu_order":0,"comment_status":"closed","ping_status":"closed","template":"","meta":{"_themeisle_gutenberg_block_has_review":false,"iawp_total_views":76},"yoast_head":"<!-- This site is optimized with the Yoast SEO plugin v21.1 - https:\/\/yoast.com\/wordpress\/plugins\/seo\/ -->\n<title>CHEM CLEAN LINE - Alexis S.r.l.<\/title>\n<meta name=\"robots\" content=\"index, follow, max-snippet:-1, max-image-preview:large, max-video-preview:-1\" \/>\n<link rel=\"canonical\" href=\"https:\/\/www.alexis-srl.it\/it\/nuove-macchine\/chem-clean-line\/\" \/>\n<meta property=\"og:locale\" content=\"it_IT\" \/>\n<meta property=\"og:type\" content=\"article\" \/>\n<meta property=\"og:title\" content=\"CHEM CLEAN LINE - Alexis S.r.l.\" \/>\n<meta property=\"og:description\" content=\"[vc_row][vc_column][vc_custom_heading text=&#8221;CHEM CLEAN LINE&#8221; font_container=&#8221;tag:h3|text_align:left&#8221; use_theme_fonts=&#8221;yes&#8221;][vc_column_text]Linea chimica modulare[\/vc_column_text][vc_empty_space height=&#8221;20px&#8221;][\/vc_column][\/vc_row][vc_row][vc_column width=&#8221;2\/3&#8243;][vc_column_text]Chem Clean Line \u00e8 una linea modulare utilizzata principalmente nelle varie combinazioni di linee per garantire l\u2019adesione rame-epossidica nella produzione multistrato, pulizia chimica o metallizzazione diretta. La linea pu\u00f2 essere costituita da moduli ad immersione o spruzzo seguiti da risciacquo e asciugatura. La struttura pu\u00f2 essere realizzata in polipropilene (PP) , PVC oppure in acciaio Inox 316 ed \u00e8 progettata per soddisfare le esigenze del cliente, in termini di trattamenti e in moduli di lunghezza. I moduli in PVC possono essere configurati per funzionare con varie sostanze chimiche. Si prega di specificare in modo che possano essere utilizzati materiali resistenti alla chimica.[\/vc_column_text][\/vc_column][vc_column width=&#8221;1\/3&#8243;][vc_single_image image=&#8221;1752&#8243; img_size=&#8221;full&#8221;][\/vc_column][\/vc_row]\" \/>\n<meta property=\"og:url\" content=\"https:\/\/www.alexis-srl.it\/it\/nuove-macchine\/chem-clean-line\/\" \/>\n<meta property=\"og:site_name\" content=\"Alexis S.r.l.\" \/>\n<meta property=\"article:modified_time\" content=\"2023-08-02T07:57:29+00:00\" \/>\n<meta name=\"twitter:card\" content=\"summary_large_image\" \/>\n<meta name=\"twitter:label1\" content=\"Tempo di lettura stimato\" \/>\n\t<meta name=\"twitter:data1\" content=\"1 minuto\" \/>\n<script type=\"application\/ld+json\" class=\"yoast-schema-graph\">{\"@context\":\"https:\/\/schema.org\",\"@graph\":[{\"@type\":\"WebPage\",\"@id\":\"https:\/\/www.alexis-srl.it\/it\/nuove-macchine\/chem-clean-line\/\",\"url\":\"https:\/\/www.alexis-srl.it\/it\/nuove-macchine\/chem-clean-line\/\",\"name\":\"CHEM CLEAN LINE - Alexis S.r.l.\",\"isPartOf\":{\"@id\":\"https:\/\/www.alexis-srl.it\/#website\"},\"datePublished\":\"2017-05-16T15:02:19+00:00\",\"dateModified\":\"2023-08-02T07:57:29+00:00\",\"breadcrumb\":{\"@id\":\"https:\/\/www.alexis-srl.it\/it\/nuove-macchine\/chem-clean-line\/#breadcrumb\"},\"inLanguage\":\"it-IT\",\"potentialAction\":[{\"@type\":\"ReadAction\",\"target\":[\"https:\/\/www.alexis-srl.it\/it\/nuove-macchine\/chem-clean-line\/\"]}]},{\"@type\":\"BreadcrumbList\",\"@id\":\"https:\/\/www.alexis-srl.it\/it\/nuove-macchine\/chem-clean-line\/#breadcrumb\",\"itemListElement\":[{\"@type\":\"ListItem\",\"position\":1,\"name\":\"Home\",\"item\":\"https:\/\/www.alexis-srl.it\/it\/home\/\"},{\"@type\":\"ListItem\",\"position\":2,\"name\":\"Nuove Macchine\",\"item\":\"https:\/\/www.alexis-srl.it\/it\/nuove-macchine\/\"},{\"@type\":\"ListItem\",\"position\":3,\"name\":\"CHEM CLEAN LINE\"}]},{\"@type\":\"WebSite\",\"@id\":\"https:\/\/www.alexis-srl.it\/#website\",\"url\":\"https:\/\/www.alexis-srl.it\/\",\"name\":\"Alexis S.r.l.\",\"description\":\"PCB &amp; PV Wet Process\",\"publisher\":{\"@id\":\"https:\/\/www.alexis-srl.it\/#organization\"},\"potentialAction\":[{\"@type\":\"SearchAction\",\"target\":{\"@type\":\"EntryPoint\",\"urlTemplate\":\"https:\/\/www.alexis-srl.it\/?s={search_term_string}\"},\"query-input\":\"required name=search_term_string\"}],\"inLanguage\":\"it-IT\"},{\"@type\":\"Organization\",\"@id\":\"https:\/\/www.alexis-srl.it\/#organization\",\"name\":\"Alexis S.r.l.\",\"url\":\"https:\/\/www.alexis-srl.it\/\",\"logo\":{\"@type\":\"ImageObject\",\"inLanguage\":\"it-IT\",\"@id\":\"https:\/\/www.alexis-srl.it\/#\/schema\/logo\/image\/\",\"url\":\"https:\/\/www.alexis-srl.it\/wp-content\/uploads\/2023\/03\/Alexis-PCB-wet-process-solutions.png\",\"contentUrl\":\"https:\/\/www.alexis-srl.it\/wp-content\/uploads\/2023\/03\/Alexis-PCB-wet-process-solutions.png\",\"width\":1400,\"height\":400,\"caption\":\"Alexis S.r.l.\"},\"image\":{\"@id\":\"https:\/\/www.alexis-srl.it\/#\/schema\/logo\/image\/\"}}]}<\/script>\n<!-- \/ Yoast SEO plugin. -->","yoast_head_json":{"title":"CHEM CLEAN LINE - Alexis S.r.l.","robots":{"index":"index","follow":"follow","max-snippet":"max-snippet:-1","max-image-preview":"max-image-preview:large","max-video-preview":"max-video-preview:-1"},"canonical":"https:\/\/www.alexis-srl.it\/it\/nuove-macchine\/chem-clean-line\/","og_locale":"it_IT","og_type":"article","og_title":"CHEM CLEAN LINE - Alexis S.r.l.","og_description":"[vc_row][vc_column][vc_custom_heading text=&#8221;CHEM CLEAN LINE&#8221; font_container=&#8221;tag:h3|text_align:left&#8221; use_theme_fonts=&#8221;yes&#8221;][vc_column_text]Linea chimica modulare[\/vc_column_text][vc_empty_space height=&#8221;20px&#8221;][\/vc_column][\/vc_row][vc_row][vc_column width=&#8221;2\/3&#8243;][vc_column_text]Chem Clean Line \u00e8 una linea modulare utilizzata principalmente nelle varie combinazioni di linee per garantire l\u2019adesione rame-epossidica nella produzione multistrato, pulizia chimica o metallizzazione diretta. La linea pu\u00f2 essere costituita da moduli ad immersione o spruzzo seguiti da risciacquo e asciugatura. La struttura pu\u00f2 essere realizzata in polipropilene (PP) , PVC oppure in acciaio Inox 316 ed \u00e8 progettata per soddisfare le esigenze del cliente, in termini di trattamenti e in moduli di lunghezza. I moduli in PVC possono essere configurati per funzionare con varie sostanze chimiche. Si prega di specificare in modo che possano essere utilizzati materiali resistenti alla chimica.[\/vc_column_text][\/vc_column][vc_column width=&#8221;1\/3&#8243;][vc_single_image image=&#8221;1752&#8243; img_size=&#8221;full&#8221;][\/vc_column][\/vc_row]","og_url":"https:\/\/www.alexis-srl.it\/it\/nuove-macchine\/chem-clean-line\/","og_site_name":"Alexis S.r.l.","article_modified_time":"2023-08-02T07:57:29+00:00","twitter_card":"summary_large_image","twitter_misc":{"Tempo di lettura stimato":"1 minuto"},"schema":{"@context":"https:\/\/schema.org","@graph":[{"@type":"WebPage","@id":"https:\/\/www.alexis-srl.it\/it\/nuove-macchine\/chem-clean-line\/","url":"https:\/\/www.alexis-srl.it\/it\/nuove-macchine\/chem-clean-line\/","name":"CHEM CLEAN LINE - Alexis S.r.l.","isPartOf":{"@id":"https:\/\/www.alexis-srl.it\/#website"},"datePublished":"2017-05-16T15:02:19+00:00","dateModified":"2023-08-02T07:57:29+00:00","breadcrumb":{"@id":"https:\/\/www.alexis-srl.it\/it\/nuove-macchine\/chem-clean-line\/#breadcrumb"},"inLanguage":"it-IT","potentialAction":[{"@type":"ReadAction","target":["https:\/\/www.alexis-srl.it\/it\/nuove-macchine\/chem-clean-line\/"]}]},{"@type":"BreadcrumbList","@id":"https:\/\/www.alexis-srl.it\/it\/nuove-macchine\/chem-clean-line\/#breadcrumb","itemListElement":[{"@type":"ListItem","position":1,"name":"Home","item":"https:\/\/www.alexis-srl.it\/it\/home\/"},{"@type":"ListItem","position":2,"name":"Nuove Macchine","item":"https:\/\/www.alexis-srl.it\/it\/nuove-macchine\/"},{"@type":"ListItem","position":3,"name":"CHEM CLEAN LINE"}]},{"@type":"WebSite","@id":"https:\/\/www.alexis-srl.it\/#website","url":"https:\/\/www.alexis-srl.it\/","name":"Alexis S.r.l.","description":"PCB &amp; PV Wet Process","publisher":{"@id":"https:\/\/www.alexis-srl.it\/#organization"},"potentialAction":[{"@type":"SearchAction","target":{"@type":"EntryPoint","urlTemplate":"https:\/\/www.alexis-srl.it\/?s={search_term_string}"},"query-input":"required name=search_term_string"}],"inLanguage":"it-IT"},{"@type":"Organization","@id":"https:\/\/www.alexis-srl.it\/#organization","name":"Alexis S.r.l.","url":"https:\/\/www.alexis-srl.it\/","logo":{"@type":"ImageObject","inLanguage":"it-IT","@id":"https:\/\/www.alexis-srl.it\/#\/schema\/logo\/image\/","url":"https:\/\/www.alexis-srl.it\/wp-content\/uploads\/2023\/03\/Alexis-PCB-wet-process-solutions.png","contentUrl":"https:\/\/www.alexis-srl.it\/wp-content\/uploads\/2023\/03\/Alexis-PCB-wet-process-solutions.png","width":1400,"height":400,"caption":"Alexis S.r.l."},"image":{"@id":"https:\/\/www.alexis-srl.it\/#\/schema\/logo\/image\/"}}]}},"_links":{"self":[{"href":"https:\/\/www.alexis-srl.it\/it\/wp-json\/wp\/v2\/pages\/737"}],"collection":[{"href":"https:\/\/www.alexis-srl.it\/it\/wp-json\/wp\/v2\/pages"}],"about":[{"href":"https:\/\/www.alexis-srl.it\/it\/wp-json\/wp\/v2\/types\/page"}],"author":[{"embeddable":true,"href":"https:\/\/www.alexis-srl.it\/it\/wp-json\/wp\/v2\/users\/4"}],"replies":[{"embeddable":true,"href":"https:\/\/www.alexis-srl.it\/it\/wp-json\/wp\/v2\/comments?post=737"}],"version-history":[{"count":7,"href":"https:\/\/www.alexis-srl.it\/it\/wp-json\/wp\/v2\/pages\/737\/revisions"}],"predecessor-version":[{"id":1760,"href":"https:\/\/www.alexis-srl.it\/it\/wp-json\/wp\/v2\/pages\/737\/revisions\/1760"}],"up":[{"embeddable":true,"href":"https:\/\/www.alexis-srl.it\/it\/wp-json\/wp\/v2\/pages\/1166"}],"wp:attachment":[{"href":"https:\/\/www.alexis-srl.it\/it\/wp-json\/wp\/v2\/media?parent=737"}],"curies":[{"name":"wp","href":"https:\/\/api.w.org\/{rel}","templated":true}]}}